{"id":2286,"date":"2023-01-05T13:50:44","date_gmt":"2023-01-05T13:50:44","guid":{"rendered":"https:\/\/ionellehari.com\/case-studies\/"},"modified":"2025-04-01T13:19:00","modified_gmt":"2025-04-01T13:19:00","slug":"juhtumiuuring","status":"publish","type":"page","link":"https:\/\/ionellehari.com\/et\/juhtumiuuring\/","title":{"rendered":"M\u00f5ju"},"content":{"rendered":"","protected":false},"excerpt":{"rendered":"","protected":false},"author":1,"featured_media":0,"parent":0,"menu_order":0,"comment_status":"closed","ping_status":"closed","template":"controllers\/case-studies.php","meta":[],"acf":[],"yoast_head":"<!-- This site is optimized with the Yoast SEO plugin v19.13 - https:\/\/yoast.com\/wordpress\/plugins\/seo\/ -->\n<title>M\u00f5ju - Ionel Lehari<\/title>\n<meta name=\"description\" content=\"Oleme strateegilisele disainile spetsialiseerunud loovagentuur. Loe meie tehtud t\u00f6\u00f6de ja projektide sisu kohta l\u00e4hemalt.\" \/>\n<meta name=\"robots\" content=\"index, follow, max-snippet:-1, max-image-preview:large, max-video-preview:-1\" \/>\n<link rel=\"canonical\" href=\"https:\/\/ionellehari.com\/et\/juhtumiuuring\/\" \/>\n<meta property=\"og:locale\" content=\"et_EE\" \/>\n<meta property=\"og:type\" content=\"article\" \/>\n<meta property=\"og:title\" content=\"M\u00f5ju - Ionel Lehari\" \/>\n<meta property=\"og:description\" content=\"Oleme strateegilisele disainile spetsialiseerunud loovagentuur. Loe meie tehtud t\u00f6\u00f6de ja projektide sisu kohta l\u00e4hemalt.\" \/>\n<meta property=\"og:url\" content=\"https:\/\/ionellehari.com\/et\/juhtumiuuring\/\" \/>\n<meta property=\"og:site_name\" content=\"Ionel Lehari\" \/>\n<meta property=\"article:modified_time\" content=\"2025-04-01T13:19:00+00:00\" \/>\n<meta name=\"twitter:card\" content=\"summary_large_image\" \/>\n<script type=\"application\/ld+json\" class=\"yoast-schema-graph\">{\"@context\":\"https:\/\/schema.org\",\"@graph\":[{\"@type\":\"WebPage\",\"@id\":\"https:\/\/ionellehari.com\/et\/juhtumiuuring\/\",\"url\":\"https:\/\/ionellehari.com\/et\/juhtumiuuring\/\",\"name\":\"M\u00f5ju - Ionel Lehari\",\"isPartOf\":{\"@id\":\"https:\/\/ionellehari.com\/#website\"},\"datePublished\":\"2023-01-05T13:50:44+00:00\",\"dateModified\":\"2025-04-01T13:19:00+00:00\",\"description\":\"Oleme strateegilisele disainile spetsialiseerunud loovagentuur. Loe meie tehtud t\u00f6\u00f6de ja projektide sisu kohta l\u00e4hemalt.\",\"inLanguage\":\"et\",\"potentialAction\":[{\"@type\":\"ReadAction\",\"target\":[\"https:\/\/ionellehari.com\/et\/juhtumiuuring\/\"]}]},{\"@type\":\"WebSite\",\"@id\":\"https:\/\/ionellehari.com\/#website\",\"url\":\"https:\/\/ionellehari.com\/\",\"name\":\"Ionel lehari\",\"description\":\"Ionel Lehari\",\"potentialAction\":[{\"@type\":\"SearchAction\",\"target\":{\"@type\":\"EntryPoint\",\"urlTemplate\":\"https:\/\/ionellehari.com\/?s={search_term_string}\"},\"query-input\":\"required name=search_term_string\"}],\"inLanguage\":\"et\"}]}<\/script>\n<!-- \/ Yoast SEO plugin. -->","yoast_head_json":{"title":"M\u00f5ju - Ionel Lehari","description":"Oleme strateegilisele disainile spetsialiseerunud loovagentuur. Loe meie tehtud t\u00f6\u00f6de ja projektide sisu kohta l\u00e4hemalt.","robots":{"index":"index","follow":"follow","max-snippet":"max-snippet:-1","max-image-preview":"max-image-preview:large","max-video-preview":"max-video-preview:-1"},"canonical":"https:\/\/ionellehari.com\/et\/juhtumiuuring\/","og_locale":"et_EE","og_type":"article","og_title":"M\u00f5ju - Ionel Lehari","og_description":"Oleme strateegilisele disainile spetsialiseerunud loovagentuur. Loe meie tehtud t\u00f6\u00f6de ja projektide sisu kohta l\u00e4hemalt.","og_url":"https:\/\/ionellehari.com\/et\/juhtumiuuring\/","og_site_name":"Ionel Lehari","article_modified_time":"2025-04-01T13:19:00+00:00","twitter_card":"summary_large_image","schema":{"@context":"https:\/\/schema.org","@graph":[{"@type":"WebPage","@id":"https:\/\/ionellehari.com\/et\/juhtumiuuring\/","url":"https:\/\/ionellehari.com\/et\/juhtumiuuring\/","name":"M\u00f5ju - Ionel Lehari","isPartOf":{"@id":"https:\/\/ionellehari.com\/#website"},"datePublished":"2023-01-05T13:50:44+00:00","dateModified":"2025-04-01T13:19:00+00:00","description":"Oleme strateegilisele disainile spetsialiseerunud loovagentuur. Loe meie tehtud t\u00f6\u00f6de ja projektide sisu kohta l\u00e4hemalt.","inLanguage":"et","potentialAction":[{"@type":"ReadAction","target":["https:\/\/ionellehari.com\/et\/juhtumiuuring\/"]}]},{"@type":"WebSite","@id":"https:\/\/ionellehari.com\/#website","url":"https:\/\/ionellehari.com\/","name":"Ionel lehari","description":"Ionel Lehari","potentialAction":[{"@type":"SearchAction","target":{"@type":"EntryPoint","urlTemplate":"https:\/\/ionellehari.com\/?s={search_term_string}"},"query-input":"required name=search_term_string"}],"inLanguage":"et"}]}},"_links":{"self":[{"href":"https:\/\/ionellehari.com\/et\/wp-json\/wp\/v2\/pages\/2286"}],"collection":[{"href":"https:\/\/ionellehari.com\/et\/wp-json\/wp\/v2\/pages"}],"about":[{"href":"https:\/\/ionellehari.com\/et\/wp-json\/wp\/v2\/types\/page"}],"author":[{"embeddable":true,"href":"https:\/\/ionellehari.com\/et\/wp-json\/wp\/v2\/users\/1"}],"replies":[{"embeddable":true,"href":"https:\/\/ionellehari.com\/et\/wp-json\/wp\/v2\/comments?post=2286"}],"version-history":[{"count":4,"href":"https:\/\/ionellehari.com\/et\/wp-json\/wp\/v2\/pages\/2286\/revisions"}],"predecessor-version":[{"id":3158,"href":"https:\/\/ionellehari.com\/et\/wp-json\/wp\/v2\/pages\/2286\/revisions\/3158"}],"wp:attachment":[{"href":"https:\/\/ionellehari.com\/et\/wp-json\/wp\/v2\/media?parent=2286"}],"curies":[{"name":"wp","href":"https:\/\/api.w.org\/{rel}","templated":true}]}}